{"id":2516,"date":"2025-09-30T11:39:11","date_gmt":"2025-09-30T09:39:11","guid":{"rendered":"https:\/\/maderobox.com\/?post_type=product&#038;p=2516"},"modified":"2026-03-04T12:56:49","modified_gmt":"2026-03-04T11:56:49","slug":"set-de-masaje-con-piedras-calientes","status":"publish","type":"product","link":"https:\/\/maderobox.com\/es\/producto\/set-de-masaje-con-piedras-calientes\/","title":{"rendered":"Set de masaje con piedras calientes (36 piezas)"},"content":{"rendered":"<p>Disfrute de la experiencia de masaje definitiva con este<strong> set de masaje con piedras calientes<\/strong> (36 piezas) de basalto, perfectas para sesiones de relajaci\u00f3n y bienestar. Ideal para la terapia de masaje con piedras calientes, este kit ayuda a relajar los m\u00fasculos, mejorar la circulaci\u00f3n sangu\u00ednea y eliminar las toxinas del cuerpo, al tiempo que promueve una sensaci\u00f3n de bienestar total.<\/p>\n<h3>Caracter\u00edsticas y ventajas :<\/h3>\n<ul>\n<li><strong>36 Piedras de basalto natural<\/strong> Este set incluye 36 piedras de varios tama\u00f1os, perfectas para un masaje de cuerpo entero. Las piedras est\u00e1n dise\u00f1adas para retener el calor y liberarlo lentamente, proporcionando un alivio profundo de la tensi\u00f3n muscular.<\/li>\n<li><strong>Calidad profesional<\/strong> Las piedras est\u00e1n cuidadosamente pulidas hasta conseguir una textura suave, lo que garantiza una experiencia de masaje agradable y relajante, ideal para profesionales o para uso dom\u00e9stico.<\/li>\n<li><strong>Efectos terap\u00e9uticos<\/strong> El masaje con piedras calientes ayuda a relajar los m\u00fasculos, mejorar la circulaci\u00f3n, reducir el dolor muscular y eliminar toxinas. Tambi\u00e9n ofrece relajaci\u00f3n mental al aliviar el estr\u00e9s y la tensi\u00f3n.<\/li>\n<li><strong>Uso vers\u00e1til<\/strong> Estas piedras pueden calentarse y aplicarse en distintas partes del cuerpo, como la espalda, los hombros, el cuello, las piernas y los pies, para aliviar el dolor y favorecer la relajaci\u00f3n.<\/li>\n<li><strong>Elegante caja de madera<\/strong> El estuche de madera le permite guardar sus piedras de forma ordenada y segura, al tiempo que a\u00f1ade un toque de elegancia a su zona de masajes.<\/li>\n<\/ul>\n<h3>Modo de empleo :<\/h3>\n<ul>\n<li><strong>Relajaci\u00f3n muscular<\/strong> Utilice piedras calientes en los puntos de tensi\u00f3n para aliviar el dolor y relajar los m\u00fasculos cansados.<\/li>\n<li><strong>Mejorar la fluidez del tr\u00e1fico<\/strong> Gracias al calor que irradian, estas piedras estimulan la circulaci\u00f3n sangu\u00ednea y favorecen el proceso natural de desintoxicaci\u00f3n del organismo.<\/li>\n<li><strong>Bienestar hol\u00edstico<\/strong> El masaje: Combinados con un masaje terap\u00e9utico, favorecen el equilibrio entre cuerpo y mente, ayudando a aliviar el estr\u00e9s y a recuperar la energ\u00eda.<\/li>\n<\/ul>\n<p>&nbsp;<\/p>","protected":false},"excerpt":{"rendered":"<p>Profitez d\u2019une exp\u00e9rience de massage ultime avec ce coffret pierres chaudes massage (36 pi\u00e8ces) en basalte, parfait pour des s\u00e9ances de relaxation et de bien-\u00eatre. Id\u00e9al pour la th\u00e9rapie de massage aux pierres chaudes, ce kit aide \u00e0 d\u00e9tendre les muscles, \u00e0 am\u00e9liorer la circulation sanguine, et \u00e0 \u00e9liminer les toxines du corps, tout en&#8230;<\/p>","protected":false},"featured_media":4888,"comment_status":"closed","ping_status":"closed","template":"","meta":{"_kadence_starter_templates_imported_post":false,"_kad_post_transparent":"default","_kad_post_title":"","_kad_post_layout":"default","_kad_post_sidebar_id":"","_kad_post_content_style":"default","_kad_post_vertical_padding":"default","_kad_post_feature":"","_kad_post_feature_position":"","_kad_post_header":false,"_kad_post_footer":false,"_kad_post_classname":"","iawp_total_views":58},"pwb-brand":[118],"product_brand":[],"product_cat":[130],"product_tag":[],"class_list":{"0":"post-2516","1":"product","2":"type-product","3":"status-publish","4":"has-post-thumbnail","6":"pwb-brand-maderobox","7":"product_cat-outils-de-massage","9":"first","10":"instock","11":"shipping-taxable","12":"purchasable","13":"product-type-simple","14":"entry","15":"content-bg","16":"loop-entry"},"supplier_id":null,"supplier_sku":"","barcode":null,"atum_controlled":false,"out_stock_date":null,"out_stock_threshold":null,"inheritable":false,"inbound_stock":0,"stock_on_hold":0,"sold_today":0,"sales_last_days":0,"reserved_stock":0,"customer_returns":0,"warehouse_damage":0,"lost_in_post":0,"other_logs":0,"out_stock_days":0,"lost_sales":0,"has_location":false,"update_date":"2026-04-03T12:07:27","atum_locations":[],"atum_stock_status":"instock","restock_status":false,"low_stock_amount":"","sales_update_date":"2026-04-03T12:07:27","calc_backorders":null,"brands":[{"id":118,"name":"Maderobox","slug":"maderobox"}],"_links":{"self":[{"href":"https:\/\/maderobox.com\/es\/wp-json\/wp\/v2\/product\/2516","targetHints":{"allow":["GET"]}}],"collection":[{"href":"https:\/\/maderobox.com\/es\/wp-json\/wp\/v2\/product"}],"about":[{"href":"https:\/\/maderobox.com\/es\/wp-json\/wp\/v2\/types\/product"}],"replies":[{"embeddable":true,"href":"https:\/\/maderobox.com\/es\/wp-json\/wp\/v2\/comments?post=2516"}],"wp:featuredmedia":[{"embeddable":true,"href":"https:\/\/maderobox.com\/es\/wp-json\/wp\/v2\/media\/4888"}],"wp:attachment":[{"href":"https:\/\/maderobox.com\/es\/wp-json\/wp\/v2\/media?parent=2516"}],"wp:term":[{"taxonomy":"pwb-brand","embeddable":true,"href":"https:\/\/maderobox.com\/es\/wp-json\/wp\/v2\/pwb-brand?post=2516"},{"taxonomy":"product_brand","embeddable":true,"href":"https:\/\/maderobox.com\/es\/wp-json\/wp\/v2\/product_brand?post=2516"},{"taxonomy":"product_cat","embeddable":true,"href":"https:\/\/maderobox.com\/es\/wp-json\/wp\/v2\/product_cat?post=2516"},{"taxonomy":"product_tag","embeddable":true,"href":"https:\/\/maderobox.com\/es\/wp-json\/wp\/v2\/product_tag?post=2516"}],"curies":[{"name":"wp","href":"https:\/\/api.w.org\/{rel}","templated":true}]}}