{"id":75,"date":"2025-09-30T11:31:50","date_gmt":"2025-09-30T09:31:50","guid":{"rendered":"https:\/\/kadence.pixel-show.com\/wooden-craft\/?post_type=product&#038;p=75"},"modified":"2026-03-10T13:53:25","modified_gmt":"2026-03-10T12:53:25","slug":"tabla-de-maderoterapia-gua-sha","status":"publish","type":"product","link":"https:\/\/maderobox.com\/es\/producto\/tabla-de-maderoterapia-gua-sha\/","title":{"rendered":"Tabla de terapia Gua Sha madero"},"content":{"rendered":"<div class=\"flex-1 overflow-hidden\">\n<div class=\"react-scroll-to-bottom--css-bejak-79elbk h-full dark:bg-gray-800\">\n<div class=\"react-scroll-to-bottom--css-bejak-1n7m0yu\">\n<div class=\"flex flex-col text-sm gizmo:pb-9 dark:bg-gray-800\">\n<div class=\"group final-completion w-full text-token-text-primary border-b border-black\/10 gizmo:border-0 dark:border-gray-900\/50 gizmo:dark:border-0 bg-gray-50 gizmo:bg-transparent dark:bg-[#444654] gizmo:dark:bg-transparent\" data-testid=\"conversation-turn-73\">\n<div class=\"p-4 gizmo:py-2 justify-center text-base md:gap-6 md:py-6 m-auto\">\n<p data-start=\"251\" data-end=\"511\">La <strong data-start=\"254\" data-end=\"291\">planche mad\u00e9roth\u00e9rapie Gua Sha<\/strong>, en forme de queue de poisson, est id\u00e9ale pour lisser, drainer et remodeler le corps. Inspir\u00e9e de la technique ancestrale du Gua Sha, elle combine les bienfaits traditionnels aux atouts puissants de la mad\u00e9roth\u00e9rapie.<\/p>\n<p data-start=\"513\" data-end=\"904\">\u2714 <strong data-start=\"515\" data-end=\"550\">Stimule la circulation sanguine<\/strong> pour une peau plus ferme et lumineuse.<br data-start=\"589\" data-end=\"592\" \/>\u2714 <strong data-start=\"594\" data-end=\"639\">Aide \u00e0 d\u00e9composer les graisses localis\u00e9es<\/strong> et r\u00e9duit visiblement l\u2019aspect cellulite.<br data-start=\"681\" data-end=\"684\" \/>\u2714 <strong data-start=\"686\" data-end=\"709\">Draine et d\u00e9toxifie<\/strong> en favorisant l\u2019\u00e9limination des toxines apr\u00e8s le passage des rouleaux (stri\u00e9, courb\u00e9 ou cubes).<br data-start=\"805\" data-end=\"808\" \/>\u2714 <strong data-start=\"810\" data-end=\"835\">Sculpte la silhouette<\/strong> et d\u00e9tend les tensions musculaires pour une sensation de l\u00e9g\u00e8ret\u00e9.<\/p>\n<p data-start=\"906\" data-end=\"1147\">La <strong data-start=\"909\" data-end=\"946\">planche de mad\u00e9roth\u00e9rapie Gua Sha<\/strong> s\u2019utilise en fin de massage pour parfaire le travail des autres outils et optimiser les r\u00e9sultats. Un incontournable pour raffermir la peau et retrouver une silhouette harmonieuse, naturellement. \ud83c\udf3f<\/p>\n<div class=\"flex-1 overflow-hidden\">\n<div class=\"react-scroll-to-bottom--css-bejak-79elbk h-full dark:bg-gray-800\">\n<div class=\"react-scroll-to-bottom--css-bejak-1n7m0yu\">\n<div class=\"flex flex-col text-sm gizmo:pb-9 dark:bg-gray-800\">\n<div class=\"group final-completion w-full text-token-text-primary border-b border-black\/10 gizmo:border-0 dark:border-gray-900\/50 gizmo:dark:border-0 bg-gray-50 gizmo:bg-transparent dark:bg-[#444654] gizmo:dark:bg-transparent\" data-testid=\"conversation-turn-93\">\n<div class=\"p-4 gizmo:py-2 justify-center text-base md:gap-6 md:py-6 m-auto\">\n<div class=\"flex flex-1 gap-4 text-base mx-auto md:gap-6 gizmo:gap-3 gizmo:md:px-5 gizmo:lg:px-1 gizmo:xl:px-5 md:max-w-2xl lg:max-w-[38rem] gizmo:md:max-w-3xl gizmo:lg:max-w-[40rem] gizmo:xl:max-w-[48rem] xl:max-w-3xl }\">\n<div class=\"relative flex w-[calc(100%-50px)] flex-col gizmo:w-full lg:w-[calc(100%-115px)] agent-turn\">\n<div class=\"flex-col gap-1 md:gap-3\">\n<div class=\"flex flex-grow flex-col gap-3 max-w-full\">\n<div class=\"min-h-[20px] flex flex-col items-start gap-3 whitespace-pre-wrap break-words overflow-x-auto\">\n<div class=\"markdown prose w-full break-words dark:prose-invert light\">\n<ul>\n<li style=\"list-style-type: none;\">\n<ul>\n<li style=\"list-style-type: none;\"><\/li>\n<\/ul>\n<\/li>\n<\/ul>\n<\/div>\n<\/div>\n<\/div>\n<\/div>\n<\/div>\n<\/div>\n<\/div>\n<\/div>\n<\/div>\n<\/div>\n<\/div>\n<\/div>\n<\/div>\n<\/div>\n<\/div>\n<\/div>\n<\/div>\n<\/div>\n","protected":false},"excerpt":{"rendered":"<p>La planche de modelage classique sculpte le corps, combat la cellulite tenace et am\u00e9liore la circulation pour une peau tonique.<\/p>","protected":false},"featured_media":4791,"comment_status":"open","ping_status":"closed","template":"","meta":{"_kadence_starter_templates_imported_post":true,"_kad_post_transparent":"default","_kad_post_title":"","_kad_post_layout":"default","_kad_post_sidebar_id":"","_kad_post_content_style":"default","_kad_post_vertical_padding":"default","_kad_post_feature":"","_kad_post_feature_position":"","_kad_post_header":false,"_kad_post_footer":false,"_kad_post_classname":"","iawp_total_views":119},"pwb-brand":[118],"product_brand":[],"product_cat":[21],"product_tag":[],"class_list":{"0":"post-75","1":"product","2":"type-product","3":"status-publish","4":"has-post-thumbnail","6":"pwb-brand-maderobox","7":"product_cat-outils-maderotherapie","9":"first","10":"instock","11":"shipping-taxable","12":"purchasable","13":"product-type-simple","14":"entry","15":"content-bg","16":"loop-entry"},"supplier_id":null,"supplier_sku":"","barcode":null,"atum_controlled":true,"out_stock_date":null,"out_stock_threshold":null,"inheritable":false,"inbound_stock":0,"stock_on_hold":0,"sold_today":0,"sales_last_days":0,"reserved_stock":0,"customer_returns":0,"warehouse_damage":0,"lost_in_post":0,"other_logs":0,"out_stock_days":0,"lost_sales":0,"has_location":false,"update_date":"2026-04-06T00:01:46","atum_locations":[],"atum_stock_status":"instock","restock_status":false,"low_stock_amount":"","sales_update_date":"2026-04-06T00:01:46","calc_backorders":null,"brands":[{"id":118,"name":"Maderobox","slug":"maderobox"}],"_links":{"self":[{"href":"https:\/\/maderobox.com\/es\/wp-json\/wp\/v2\/product\/75","targetHints":{"allow":["GET"]}}],"collection":[{"href":"https:\/\/maderobox.com\/es\/wp-json\/wp\/v2\/product"}],"about":[{"href":"https:\/\/maderobox.com\/es\/wp-json\/wp\/v2\/types\/product"}],"replies":[{"embeddable":true,"href":"https:\/\/maderobox.com\/es\/wp-json\/wp\/v2\/comments?post=75"}],"wp:featuredmedia":[{"embeddable":true,"href":"https:\/\/maderobox.com\/es\/wp-json\/wp\/v2\/media\/4791"}],"wp:attachment":[{"href":"https:\/\/maderobox.com\/es\/wp-json\/wp\/v2\/media?parent=75"}],"wp:term":[{"taxonomy":"pwb-brand","embeddable":true,"href":"https:\/\/maderobox.com\/es\/wp-json\/wp\/v2\/pwb-brand?post=75"},{"taxonomy":"product_brand","embeddable":true,"href":"https:\/\/maderobox.com\/es\/wp-json\/wp\/v2\/product_brand?post=75"},{"taxonomy":"product_cat","embeddable":true,"href":"https:\/\/maderobox.com\/es\/wp-json\/wp\/v2\/product_cat?post=75"},{"taxonomy":"product_tag","embeddable":true,"href":"https:\/\/maderobox.com\/es\/wp-json\/wp\/v2\/product_tag?post=75"}],"curies":[{"name":"wp","href":"https:\/\/api.w.org\/{rel}","templated":true}]}}